{"id":24,"date":"2015-11-10T11:06:49","date_gmt":"2015-11-10T10:06:49","guid":{"rendered":"http:\/\/sh.comune.siena.it\/wordpress\/?page_id=24"},"modified":"2024-10-26T16:06:30","modified_gmt":"2024-10-26T14:06:30","slug":"corsi","status":"publish","type":"page","link":"https:\/\/www.asdsienahockey.it\/?page_id=24","title":{"rendered":"Corsi Artistico"},"content":{"rendered":"<p><iframe loading=\"lazy\" title=\"Presentazioni corsi Pattinaggio SienaHockey\" width=\"500\" height=\"281\" src=\"https:\/\/www.youtube.com\/embed\/Qe8MNaEVsmg?feature=oembed\" frameborder=\"0\" allow=\"accelerometer; autoplay; clipboard-write; encrypted-media; gyroscope; picture-in-picture; web-share\" referrerpolicy=\"strict-origin-when-cross-origin\" allowfullscreen><\/iframe><\/p>\n\n\n\n<p class=\"has-text-align-center\"><strong>TUTTI I CORSI PER LA STAGIONE SPORTIVA 2024\/2025 SUDDIVISI NEI VARI LIVELLI ED ORARI DI OCCUPAZIONE DELLA PISTA IN VIGORE DAL 04 NOVEMBRE 2024<\/strong><\/p>\n\n\n\n<ul class=\"wp-block-list\">\n<li><strong>Gruppo <\/strong><b>Primi Passi<\/b>, 2 lezioni di avviamento al pattinaggio artistico a settimana: il luned\u00ec dalle ore 18.00 alle ore 19.00 e il venerd\u00ec dalle ore 17.15 alle ore 18.15.<\/li>\n\n\n\n<li><b>Gruppo Giallo<\/b>, 2 lezioni a settimana: il marted\u00ec dalle ore 15.30 alle 17.00 e il gioved\u00ec dalle ore 16.00 alle ore 17.00.<\/li>\n\n\n\n<li><strong>Gruppo Verde<\/strong>, 3 lezioni a settimana: il luned\u00ec dalle ore 19.00 alle ore 20.00, il venerd\u00ec dalle ore 18.15 alle ore 19.15 e il sabato (facoltativa) dalle ore 12.00 alle ore 13.00.<\/li>\n\n\n\n<li><strong>Gruppo FORMULA A<\/strong>, 2 lezioni a settimana: il marted\u00ec dalle ore 19.30 alle ore 20.45 e il venerd\u00ec dalle ore 19.30 alle ore 20.45.<\/li>\n\n\n\n<li><strong>Gruppo FORMULA B<\/strong>, 2 lezioni a settimana: il marted\u00ec dalle ore 14.15 alle ore 15.30 e il venerd\u00ec dalle ore 14.00 alle ore 15.30.<\/li>\n\n\n\n<li><strong>Gruppo Formula C<\/strong>, 4 lezioni a settimana: il marted\u00ec dalle ore 14.15 alle ore 15.30, il mercoled\u00ec dalle ore 14.00 alle ore 15.00, il gioved\u00ec dalle ore 14.00 alle ore 16.00 e il venerd\u00ec dalle ore 14.00 alle ore 15.30.<\/li>\n\n\n\n<li><strong>Gruppo Azzurro<\/strong>, 3 lezioni a settimana: il marted\u00ec dalle ore 17.00 alle ore 18.00, il venerd\u00ec dalle ore 18.15 alle ore 19.15 e il sabato (facoltativa) dalle ore 12.00 alle ore 13.00.<\/li>\n\n\n\n<li><strong>Gruppo Blu<\/strong>, 4 lezioni a settimana: il luned\u00ec dalle ore 19.00 alle ore 20.00, il marted\u00ec dalle ore 17.00 alle ore 18.00, il mercoled\u00ec dalle ore 17.15 alle ore 18.15 e il gioved\u00ec dalle ore 18.30 alle ore 19.30.<\/li>\n\n\n\n<li><strong>Gruppo Agonismo<\/strong>.<\/li>\n<\/ul>\n\n\n\n\n\n<figure class=\"wp-block-image\"><a href=\"https:\/\/i0.wp.com\/www.asdsienahockey.it\/wordpress\/wp-content\/uploads\/2016\/09\/wp-image-1435867494jpg.jpeg\"><img data-recalc-dims=\"1\" height=\"200\" width=\"300\" decoding=\"async\" src=\"https:\/\/i0.wp.com\/www.asdsienahockey.it\/wordpress\/wp-content\/uploads\/2016\/09\/wp-image-1435867494jpg.jpeg?resize=300%2C200\" alt=\"\" class=\"wp-image-731\"\/><\/a><\/figure>\n\n\n\n<p><progress id=\"progress_1474713055726\" class=\"wp_media_indicator\" value=\"0.9\"><\/progress><\/p>\n\n\n\n<h2 class=\"wp-block-heading bacheca\">Cosa occorre per iscriversi al corso<\/h2>\n\n\n\n<h3 class=\"wp-block-heading\">Consigli prima di iscriversi<\/h3>\n\n\n\n<ul class=\"wp-block-list\">\n<li>Il pattinaggio artistico \u00e8 uno sport affascinante, ma faticoso, che richiede impegno, costanza e determinazione. Per questo consigliamo ai genitori di venire ad assistere ad una lezione, in modo che il proprio figlio possa rendersi conto meglio di quello che facciamo. Inoltre,&nbsp; per quanto riguarda il corso dei Primi Passi, \u00e8 possibile effettuare due <b>PROVE PATTINAGGIO GRATUITE<\/b> e noleggiare mensilmente i pattini i dotazione all&#8217;associazione.<\/li>\n\n\n\n<li><strong>ISCRIZIONE OBBLIGATORIA<\/strong> presso la nostra associazione\n<ul class=\"wp-block-list\">\n<li>compilando il modulo iscrizione presente in segreteria e versando la quota di iscrizione di \u20ac 30,00;<\/li>\n\n\n\n<li>effettuando una visita medica, comprensiva di elettrocardiogramma e misurazione della pressione arteriosa per ottenere un certificato medico di sana e robusta costituzione (agonistico\/non agonistico) valido per un anno;<\/li>\n\n\n\n<li>versare la quota mensile (\u20ac 50,00 per i Primi Passi) con sconti se si effettua il pagamento trimestrale e se atleti fratelli sono iscritti presso la nostra associazione.<\/li>\n<\/ul>\n<\/li>\n<\/ul>\n\n\n\n<h2 class=\"wp-block-heading bacheca\">Attrezzatura ed abbigliamento<\/h2>\n\n\n\n<h3 class=\"wp-block-heading\">I pattini<\/h3>\n\n\n\n<p>Per partecipare alle lezioni \u00e8 necessario utilizzare i pattini per pattinaggio artistico tradizionale.<br>Chi non li possiede pu\u00f2 utilizzare quelli forniti dall&#8217;associazione (5 euro mensili) o pu\u00f2 acquistarli.<br>I tecnici dell&#8217;A.S.D. Sienahockey offrono assistenza e consigli per l&#8217;acquisto dei pattini o altro materiale tecnico nuovo o usato.<\/p>\n\n\n\n<h3 class=\"wp-block-heading\">Divisa ufficiale: body di societ\u00e0<\/h3>\n\n\n\n<p>\u00a0<a href=\"https:\/\/i0.wp.com\/www.asdsienahockey.it\/wordpress\/wp-content\/uploads\/2024\/10\/body-societa-gruppo.jpg\"><img data-recalc-dims=\"1\" loading=\"lazy\" decoding=\"async\" class=\"alignnone  wp-image-1820\" src=\"https:\/\/i0.wp.com\/www.asdsienahockey.it\/wordpress\/wp-content\/uploads\/2024\/10\/body-societa-gruppo.jpg?resize=252%2C168\" alt=\"\" width=\"252\" height=\"168\" srcset=\"https:\/\/i0.wp.com\/www.asdsienahockey.it\/wordpress\/wp-content\/uploads\/2024\/10\/body-societa-gruppo.jpg?resize=300%2C200&amp;ssl=1 300w, https:\/\/i0.wp.com\/www.asdsienahockey.it\/wordpress\/wp-content\/uploads\/2024\/10\/body-societa-gruppo.jpg?resize=1024%2C683&amp;ssl=1 1024w, https:\/\/i0.wp.com\/www.asdsienahockey.it\/wordpress\/wp-content\/uploads\/2024\/10\/body-societa-gruppo.jpg?resize=768%2C512&amp;ssl=1 768w, https:\/\/i0.wp.com\/www.asdsienahockey.it\/wordpress\/wp-content\/uploads\/2024\/10\/body-societa-gruppo.jpg?w=1320&amp;ssl=1 1320w\" sizes=\"auto, (max-width: 252px) 100vw, 252px\" \/><\/a><a href=\"https:\/\/i0.wp.com\/www.asdsienahockey.it\/wordpress\/wp-content\/uploads\/2024\/10\/Body-societa.jpg\"><img data-recalc-dims=\"1\" loading=\"lazy\" decoding=\"async\" class=\"alignnone  wp-image-1823\" src=\"https:\/\/i0.wp.com\/www.asdsienahockey.it\/wordpress\/wp-content\/uploads\/2024\/10\/Body-societa.jpg?resize=252%2C168\" alt=\"\" width=\"252\" height=\"168\" srcset=\"https:\/\/i0.wp.com\/www.asdsienahockey.it\/wordpress\/wp-content\/uploads\/2024\/10\/Body-societa.jpg?resize=300%2C200&amp;ssl=1 300w, https:\/\/i0.wp.com\/www.asdsienahockey.it\/wordpress\/wp-content\/uploads\/2024\/10\/Body-societa.jpg?resize=1024%2C683&amp;ssl=1 1024w, https:\/\/i0.wp.com\/www.asdsienahockey.it\/wordpress\/wp-content\/uploads\/2024\/10\/Body-societa.jpg?resize=768%2C512&amp;ssl=1 768w, https:\/\/i0.wp.com\/www.asdsienahockey.it\/wordpress\/wp-content\/uploads\/2024\/10\/Body-societa.jpg?w=1320&amp;ssl=1 1320w\" sizes=\"auto, (max-width: 252px) 100vw, 252px\" \/><\/a><a href=\"https:\/\/i0.wp.com\/www.asdsienahockey.it\/wordpress\/wp-content\/uploads\/2024\/10\/body-societa-piccoli.jpg\"><img data-recalc-dims=\"1\" loading=\"lazy\" decoding=\"async\" class=\"alignnone  wp-image-1822\" src=\"https:\/\/i0.wp.com\/www.asdsienahockey.it\/wordpress\/wp-content\/uploads\/2024\/10\/body-societa-piccoli.jpg?resize=254%2C169\" alt=\"\" width=\"254\" height=\"169\" srcset=\"https:\/\/i0.wp.com\/www.asdsienahockey.it\/wordpress\/wp-content\/uploads\/2024\/10\/body-societa-piccoli.jpg?resize=300%2C200&amp;ssl=1 300w, https:\/\/i0.wp.com\/www.asdsienahockey.it\/wordpress\/wp-content\/uploads\/2024\/10\/body-societa-piccoli.jpg?resize=1024%2C683&amp;ssl=1 1024w, https:\/\/i0.wp.com\/www.asdsienahockey.it\/wordpress\/wp-content\/uploads\/2024\/10\/body-societa-piccoli.jpg?resize=768%2C512&amp;ssl=1 768w, https:\/\/i0.wp.com\/www.asdsienahockey.it\/wordpress\/wp-content\/uploads\/2024\/10\/body-societa-piccoli.jpg?w=1320&amp;ssl=1 1320w\" sizes=\"auto, (max-width: 254px) 100vw, 254px\" \/><\/a><\/p>\n\n\n\n<p>La divisa \u00e8 un body di colore blu che viene indossato per partecipare ad eventi e manifestazioni.<br>Anche se <b>non \u00e8 necessario acquistarlo appena si inizia il corso<\/b>, \u00e8 obbligatorio per partecipare agli eventi ufficiali della squadra e pu\u00f2 essere ordinato in segreteria.<\/p>\n\n\n\n<p>Il merchendaising \u00e8 acquistabile presso il corner alla ditta <em>Fusi &amp; Fusi <\/em>in viale Toselli<\/p>\n\n\n\n<h3 class=\"wp-block-heading\">Allenamenti<\/h3>\n\n\n\n<p>Durante le lezioni, \u00e8 necessario indossare una maglietta o una felpa&nbsp; ed un paio di leggins o tuta o calze e gonnellino. I genitori potranno sostare nella stanzetta adiacente alla pista, poich\u00e9 provvederanno gli insegnanti ai bisogni dei bambini, in modo da non disturbare la lezione. Una volta al mese verr\u00e0 poi fatto un allenamento aperto al pubblico, in modo da far vedere i progressi a genitori e parenti.<\/p>\n","protected":false},"excerpt":{"rendered":"<div class=\"mh-excerpt\"><p>TUTTI I CORSI PER LA STAGIONE SPORTIVA 2024\/2025 SUDDIVISI NEI VARI LIVELLI ED ORARI DI OCCUPAZIONE DELLA PISTA IN VIGORE DAL 04 NOVEMBRE 2024 Cosa <a class=\"mh-excerpt-more\" href=\"https:\/\/www.asdsienahockey.it\/?page_id=24\" title=\"Corsi Artistico\">[&#8230;]<\/a><\/p>\n<\/div>","protected":false},"author":1,"featured_media":0,"parent":0,"menu_order":0,"comment_status":"closed","ping_status":"closed","template":"","meta":{"_exactmetrics_skip_tracking":false,"_exactmetrics_sitenote_active":false,"_exactmetrics_sitenote_note":"","_exactmetrics_sitenote_category":0,"jetpack_post_was_ever_published":false,"footnotes":""},"class_list":["post-24","page","type-page","status-publish","hentry"],"jetpack_sharing_enabled":true,"jetpack_shortlink":"https:\/\/wp.me\/P6ZLtF-o","jetpack-related-posts":[],"_links":{"self":[{"href":"https:\/\/www.asdsienahockey.it\/index.php?rest_route=\/wp\/v2\/pages\/24","targetHints":{"allow":["GET"]}}],"collection":[{"href":"https:\/\/www.asdsienahockey.it\/index.php?rest_route=\/wp\/v2\/pages"}],"about":[{"href":"https:\/\/www.asdsienahockey.it\/index.php?rest_route=\/wp\/v2\/types\/page"}],"author":[{"embeddable":true,"href":"https:\/\/www.asdsienahockey.it\/index.php?rest_route=\/wp\/v2\/users\/1"}],"replies":[{"embeddable":true,"href":"https:\/\/www.asdsienahockey.it\/index.php?rest_route=%2Fwp%2Fv2%2Fcomments&post=24"}],"version-history":[{"count":44,"href":"https:\/\/www.asdsienahockey.it\/index.php?rest_route=\/wp\/v2\/pages\/24\/revisions"}],"predecessor-version":[{"id":1824,"href":"https:\/\/www.asdsienahockey.it\/index.php?rest_route=\/wp\/v2\/pages\/24\/revisions\/1824"}],"wp:attachment":[{"href":"https:\/\/www.asdsienahockey.it\/index.php?rest_route=%2Fwp%2Fv2%2Fmedia&parent=24"}],"curies":[{"name":"wp","href":"https:\/\/api.w.org\/{rel}","templated":true}]}}