{"id":256,"date":"2015-11-26T16:37:22","date_gmt":"2015-11-26T15:37:22","guid":{"rendered":"http:\/\/sh.comune.siena.it\/?page_id=256"},"modified":"2015-11-26T17:17:44","modified_gmt":"2015-11-26T16:17:44","slug":"domande-e-risposte-pattinaggio","status":"publish","type":"page","link":"https:\/\/www.asdsienahockey.it\/?page_id=256","title":{"rendered":"Domande e risposte Pattinaggio"},"content":{"rendered":"<p>Questo spazio web \u00e8 stato realizzato per rispondere alle domade pi\u00f9 frequenti che vengono di solito poste da chi vuole cominciare a praticare questo sport o da chi vuole iscrivere i propri figli ad un corso di avviamento.<\/p>\n<div class=\"clearbox\"><\/div>\n<p><a name=\"top\"><\/a><\/p>\n<div><img data-recalc-dims=\"1\" decoding=\"async\" src=\"https:\/\/i0.wp.com\/goskate.it\/doc\/pattinaggio\/faq_beginners.jpg?w=252\" alt=\"\"  \/><\/div>\n<div>\n<h2>Le domande<\/h2>\n<ul>\n<li>\u00c8 vero che il pattinaggio \u00e8 uno sport pericoloso?<\/li>\n<li>Come si pu\u00f2 evitare di farsi male quando si \u00e8 principianti?<\/li>\n<li>A che et\u00e0 si pu\u00f2 cominciare a praticare pattinaggio?<\/li>\n<li>Da che et\u00e0 \u00e8 troppo tardi per praticare il pattinaggio?<\/li>\n<li>\u00c8 necessario indossare le protezioni per pattinare?<\/li>\n<li>Il pattinaggio \u00e8 sconsigliato a chi ha problemi alla schiena o alle ginocchia?<\/li>\n<li>Il pattinaggio \u00e8 uno sport difficile?<\/li>\n<li>Chi pratica pattinaggio a rotelle riesce anche a pattinare sul ghiaccio?<\/li>\n<li>Quanti tipi di pattini a rotelle esistono?<\/li>\n<\/ul>\n<\/div>\n<div class=\"clearbox\"><\/div>\n<h2>Le risposte<\/h2>\n<p><a name=\"1\"><\/a><\/p>\n<h3>E&#8217; vero che il pattinaggio \u00e8 uno sport pericoloso?<\/h3>\n<p>Assolutamente no. Per chi non conosce questo sport, \u00e8 comune pensare che praticando il pattinaggio ci si fa male facilmente, scivolando o perdendo l&#8217;equilibrio. In realt\u00e0 nel pattinaggio gli infortuni sono meno frequenti rispetto a tanti altri sport. Seguendo alcune semplici regole si pu\u00f2 praticare il pattinaggio in tranquillit\u00e0, anche in et\u00e0 non pi\u00f9 giovanissima.<\/p>\n<h3>Come si pu\u00f2 evitare di farsi male quando si \u00e8 principianti?<\/h3>\n<p>Di solito, durante la fase di apprendimento delle tecniche di base, il momento in cui \u00e8 pi\u00f9 facile farsi male non \u00e8 quando si ha un sano timore (e si procede con prudenza), ma quando ci si fa prendere dall&#8217;entusiasmo e non si tiene pi\u00f9 conto delle proprie capacit\u00e0 e condizione fisica, come ad esempio il tono della muscolatura e l&#8217;abilit\u00e0 di coordinare i movimenti in modo appropriato.<br \/>\nNaturalmente, agli adulti ed ai ragazzi pi\u00f9 grandi si pu\u00f2 suggerire di procedere sempre gradualmente, di avere pazienza, pi\u00f9 difficile invece \u00e8 contenere gli entusiasmi dei bambini. Per questo, nei corsi di avviamento al pattinaggio, si cominciano a muovere i primi passi bloccando le ruote, inoltre si insegna anche a cadere. Quando si sta per perdere l&#8217;equilibrio, uno dei consigli \u00e8 quello di piegare le ginocchia, in questo modo si abbassa il baricentro ed \u00e8 possibile o evitare la caduta o comunque cadere da &#8220;un&#8217;altezza&#8221; minore.<br \/>\n<a name=\"3\"><\/a><\/p>\n<h3>A che et\u00e0 si pu\u00f2 cominciare a praticare pattinaggio?<\/h3>\n<p>L&#8217;et\u00e0 consigliata \u00e8 dai 4 anni in poi. Naturalmente per i bambini piccoli non si pu\u00f2 parlare di vera attivit\u00e0 sportiva, infatti il pattinaggio, come tutte le attivit\u00e0 ad esso connesso, va proposto come gioco, perch\u00e9 questa \u00e8 la modalit\u00e0 ideale per l&#8217;apprendimento nei pi\u00f9 giovani. Si pu\u00f2 cominciare a parlare di avviamento all&#8217;attivit\u00e0 sportiva dai 7\/8 anni. Per l&#8217;attivit\u00e0 agonistica, invece, dipende molto dalla personalit\u00e0 del bambino e dalla sua crescita psicologica.<\/p>\n<h3>Da che et\u00e0 \u00e8 troppo tardi per praticare il pattinaggio?<\/h3>\n<p>Se non si soffre di particolari patologie, non c&#8217;\u00e8 limite di et\u00e0 a praticarlo come attivit\u00e0 non agonistica, anzi, in particolare il pattinaggio artistico, \u00e8 uno sport che coinvolge tutto il corpo e fa bene a tutte le et\u00e0. Praticando questo sport \u00e8 possibile bruciare molte calorie, si stimola l&#8217;apparato circolatorio, oltre al fatto che si tonificano addominali, glutei, fianchi, braccia e gambe. Naturalmente pi\u00f9 si \u00e8 avanti con l&#8217;et\u00e0 pi\u00f9 i miglioramenti sono visibili con il passare del tempo. Una curiosit\u00e0: la pattinatrice pi\u00f9 anziana del mondo, che pratica ancora questo sport, ha 82 anni.<\/p>\n<h3>\u00c8 necessario indossare le protezioni per pattinare?<\/h3>\n<p>Nelle specialit\u00e0 &#8220;corsa&#8221;, &#8220;hockey&#8221; e &#8220;skyroll&#8221;, che vengono praticate sui pattini in linea, l&#8217;uso delle ginocchiere, delle gomitiere, delle polsiere e del casco \u00e8 obbligatorio. Nel pattinaggio artistico no, anche perch\u00e9 ai pattini adatti a questa disciplina \u00e8 possibile bloccare le ruote. In questo modo si impara gradualmente prima a camminare e poi a scivolare.<\/p>\n<h3>Il pattinaggio \u00e8 sconsigliato a chi ha problemi alla schiena o alle ginocchia?<\/h3>\n<p>Secondo il parere di esperti del settore medico-sportivo, il pattinaggio a rotelle \u00e8 considerato uno &#8220;sport riabilitativo&#8221;, infatti si colloca tra le prime tecniche sportivo-terapeutiche a ridosso del nuoto, poich\u00e9 vengono messe in movimento armonico tutte le parti del corpo.<br \/>\nSi sconsiglia invece a chi soffre di patologie legate alla colonna vertebrale e agli arti inferiori come ernia del disco, lesione al menisco, ecc. Ad ogni modo un parere del medico, necessario per partecipare ad attivit\u00e0 sportive organizzate, chiarir\u00e0 se il pattinaggio \u00e8 uno sport da poter praticare o no.<\/p>\n<h3>Il pattinaggio \u00e8 uno sport difficile?<\/h3>\n<p>Apprendere le basi del pattinaggio non \u00e8 difficile, invece praticarlo ad un livello pi\u00f9 avanzato richiede impegno e lavoro. Ad esempio, la grazia, l&#8217;eleganza e l&#8217;apparente facilit\u00e0 che traspare dai pattinatori del settore &#8220;artistico&#8221; durante gare ed esibizioni \u00e8 frutto di tante ore di allenamenti settimanali, di tante rinunce e sacrifici.<\/p>\n<h3>Chi pratica pattinaggio a rotelle riesce anche a pattinare sul ghiaccio?<\/h3>\n<p>Certamente chi sa pattinare sulle rotelle riesce a trasferire sul ghiaccio molto delle proprie abilit\u00e0, poich\u00e9 tra il pattinaggio a rotelle e quello sul ghiaccio ci sono molte similitudini. Inoltre entrambe le discipline sollecitano in maniera simile l&#8217;equilibrio, le capacit\u00e0 di coordinazione, la forza rapida, la concentrazione ed altro ancora.<br \/>\nComunque ci sono anche molte differenze, dovute prima di tutto al diverso strumento che consente di scivolare (rotelle o lame) e al mezzo su cui si scivola. In effetti, gi\u00e0 tra le specialit\u00e0 a rotelle, cambia la tecnica di esecuzione di uno stesso elemento a seconda del tipo di pattini utilizzati. Un semplice esempio \u00e8 il passo spinta nell&#8217;artistico (con i pattini &#8220;quad&#8221;), diverso nella tecnica di esecuzione rispetto al passo spinta nella corsa (con i pattini &#8220;inline&#8221;).<br \/>\nAd ogni modo per chi vuole semplicemente divertirsi sar\u00e0 sicuramente molto pi\u00f9 semplice passare al ghiaccio se si ha gi\u00e0 una discreta abilit\u00e0 sulle rotelle.<\/p>\n<h3>Quanti tipi di pattini a rotelle esistono?<\/h3>\n<p>I pattini vengono classificati principalmente dalla posizione delle ruote. Quelli con le ruote posizionate una dietro l&#8217;altra vengono detti &#8220;inline&#8221; (termine inglese) o in italiano &#8220;in linea&#8221;, mentre i pattini che hanno due ruote avanti e due ruote dietro vengono chiamati &#8220;quad&#8221;.<br \/>\nOgni disciplina del pattinaggio a rotelle prevede un tipo specifico di pattini quad o inline, che cambiano anche a seconda della specialit\u00e0. Abbiamo cos\u00ec almeno 8 tipi di pattini diversi, tra quad e inline: libero(quad e inline), obbligatori(quad), jamskates(quad), speed\/fitness(inline), street(inline), freestyle(inline), urban(inline). Saperne di pi\u00f9 su come sono fatti i pattini da artistico, si consiglia la lettura della pagina dedicata al &#8220;<a href=\"http:\/\/sh.comune.siena.it\/?page_id=260\">materiale ed all&#8217;attrezzatura tecnica<\/a>&#8220;.<\/p>\n","protected":false},"excerpt":{"rendered":"<div class=\"mh-excerpt\"><p>Questo spazio web \u00e8 stato realizzato per rispondere alle domade pi\u00f9 frequenti che vengono di solito poste da chi vuole cominciare a praticare questo sport <a class=\"mh-excerpt-more\" href=\"https:\/\/www.asdsienahockey.it\/?page_id=256\" title=\"Domande e risposte Pattinaggio\">[&#8230;]<\/a><\/p>\n<\/div>","protected":false},"author":1,"featured_media":0,"parent":0,"menu_order":0,"comment_status":"closed","ping_status":"closed","template":"","meta":{"_exactmetrics_skip_tracking":false,"_exactmetrics_sitenote_active":false,"_exactmetrics_sitenote_note":"","_exactmetrics_sitenote_category":0,"jetpack_post_was_ever_published":false,"footnotes":""},"class_list":["post-256","page","type-page","status-publish","hentry"],"jetpack_sharing_enabled":true,"jetpack_shortlink":"https:\/\/wp.me\/P6ZLtF-48","jetpack-related-posts":[],"_links":{"self":[{"href":"https:\/\/www.asdsienahockey.it\/index.php?rest_route=\/wp\/v2\/pages\/256","targetHints":{"allow":["GET"]}}],"collection":[{"href":"https:\/\/www.asdsienahockey.it\/index.php?rest_route=\/wp\/v2\/pages"}],"about":[{"href":"https:\/\/www.asdsienahockey.it\/index.php?rest_route=\/wp\/v2\/types\/page"}],"author":[{"embeddable":true,"href":"https:\/\/www.asdsienahockey.it\/index.php?rest_route=\/wp\/v2\/users\/1"}],"replies":[{"embeddable":true,"href":"https:\/\/www.asdsienahockey.it\/index.php?rest_route=%2Fwp%2Fv2%2Fcomments&post=256"}],"version-history":[{"count":5,"href":"https:\/\/www.asdsienahockey.it\/index.php?rest_route=\/wp\/v2\/pages\/256\/revisions"}],"predecessor-version":[{"id":269,"href":"https:\/\/www.asdsienahockey.it\/index.php?rest_route=\/wp\/v2\/pages\/256\/revisions\/269"}],"wp:attachment":[{"href":"https:\/\/www.asdsienahockey.it\/index.php?rest_route=%2Fwp%2Fv2%2Fmedia&parent=256"}],"curies":[{"name":"wp","href":"https:\/\/api.w.org\/{rel}","templated":true}]}}